{"id":24008,"date":"2023-04-23T12:00:45","date_gmt":"2023-04-23T10:00:45","guid":{"rendered":"https:\/\/strucfit.com\/?page_id=24008"},"modified":"2023-05-05T13:31:50","modified_gmt":"2023-05-05T11:31:50","slug":"das-sind-wir-nicht","status":"publish","type":"page","link":"https:\/\/strucfit.com\/en\/das-sind-wir-nicht\/","title":{"rendered":"Das sind wir NICHT"},"content":{"rendered":"\t\t<div data-elementor-type=\"wp-page\" data-elementor-id=\"24008\" class=\"elementor elementor-24008\" data-elementor-post-type=\"page\">\n\t\t\t\t<div class=\"elementor-element elementor-element-1e0ceff5 e-con-full e-flex e-con e-parent\" data-id=\"1e0ceff5\" data-element_type=\"container\" data-e-type=\"container\" data-settings=\"{&quot;background_background&quot;:&quot;slideshow&quot;,&quot;background_slideshow_gallery&quot;:[{&quot;id&quot;:24128,&quot;url&quot;:&quot;http:\\\/\\\/strucfit.com\\\/wp-content\\\/uploads\\\/2023\\\/04\\\/Das_sind_wir_nicht_Strucfit-scaled.jpg&quot;}],&quot;background_slideshow_loop&quot;:&quot;yes&quot;,&quot;background_slideshow_slide_duration&quot;:5000,&quot;background_slideshow_slide_transition&quot;:&quot;fade&quot;,&quot;background_slideshow_transition_duration&quot;:500}\">\n\t\t<div class=\"elementor-element elementor-element-3546d364 e-con-full elementor-hidden-mobile e-flex e-con e-parent\" data-id=\"3546d364\" data-element_type=\"container\" data-e-type=\"container\">\n\t\t\t\t<\/div>\n\t\t<div class=\"elementor-element elementor-element-11516716 e-con-full e-flex e-con e-parent\" data-id=\"11516716\" data-element_type=\"container\" data-e-type=\"container\" data-settings=\"{&quot;background_background&quot;:&quot;classic&quot;,&quot;motion_fx_motion_fx_scrolling&quot;:&quot;yes&quot;,&quot;motion_fx_devices&quot;:[&quot;desktop&quot;]}\">\n\t\t\t\t<div class=\"elementor-element elementor-element-2949ea9c elementor-hidden-tablet elementor-hidden-mobile elementor-widget elementor-widget-heading\" data-id=\"2949ea9c\" data-element_type=\"widget\" data-e-type=\"widget\" data-widget_type=\"heading.default\">\n\t\t\t\t<div class=\"elementor-widget-container\">\n\t\t\t\t\t<h1 class=\"elementor-heading-title elementor-size-default\">Das sind wir NICHT<\/h1>\t\t\t\t<\/div>\n\t\t\t\t<\/div>\n\t\t<div class=\"elementor-element elementor-element-3500184a e-con-full e-flex e-con e-parent\" data-id=\"3500184a\" data-element_type=\"container\" data-e-type=\"container\">\n\t\t<div class=\"elementor-element elementor-element-158bde0b e-con-full e-flex e-con e-parent\" data-id=\"158bde0b\" data-element_type=\"container\" data-e-type=\"container\">\n\t\t\t\t<div class=\"elementor-element elementor-element-2927ff2d elementor-hidden-desktop elementor-widget elementor-widget-heading\" data-id=\"2927ff2d\" data-element_type=\"widget\" data-e-type=\"widget\" data-widget_type=\"heading.default\">\n\t\t\t\t<div class=\"elementor-widget-container\">\n\t\t\t\t\t<h1 class=\"elementor-heading-title elementor-size-default\">Das sind wir NICHT<\/h1>\t\t\t\t<\/div>\n\t\t\t\t<\/div>\n\t\t\t\t<\/div>\n\t\t\t\t<\/div>\n\t\t\t\t<\/div>\n\t\t\t\t<\/div>\n\t\t<div class=\"elementor-element elementor-element-4a8ac5b0 e-con-full e-flex e-con e-parent\" data-id=\"4a8ac5b0\" data-element_type=\"container\" data-e-type=\"container\" data-settings=\"{&quot;background_background&quot;:&quot;classic&quot;}\">\n\t\t<div class=\"elementor-element elementor-element-cb06080 e-con-full e-flex e-con e-parent\" data-id=\"cb06080\" data-element_type=\"container\" data-e-type=\"container\">\n\t\t\t\t<div class=\"elementor-element elementor-element-19854298 elementor-invisible elementor-widget elementor-widget-heading\" data-id=\"19854298\" data-element_type=\"widget\" data-e-type=\"widget\" data-settings=\"{&quot;_animation&quot;:&quot;fadeInUp&quot;}\" data-widget_type=\"heading.default\">\n\t\t\t\t<div class=\"elementor-widget-container\">\n\t\t\t\t\t<h2 class=\"elementor-heading-title elementor-size-default\">STRUCFIT ist ein klar aufgestelltes und orientiertes Unternehmen<\/h2>\t\t\t\t<\/div>\n\t\t\t\t<\/div>\n\t\t\t\t<div class=\"elementor-element elementor-element-38f0fc82 elementor-invisible elementor-widget elementor-widget-heading\" data-id=\"38f0fc82\" data-element_type=\"widget\" data-e-type=\"widget\" data-settings=\"{&quot;_animation&quot;:&quot;fadeInUp&quot;}\" data-widget_type=\"heading.default\">\n\t\t\t\t<div class=\"elementor-widget-container\">\n\t\t\t\t\t<h3 class=\"elementor-heading-title elementor-size-default\">Damit unsere Einzigartigkeit weiterhin in der Branche besteht, sehen Sie hier Werte f\u00fcr denen wir NICHT stehen.<\/h3>\t\t\t\t<\/div>\n\t\t\t\t<\/div>\n\t\t\t\t<\/div>\n\t\t<div class=\"elementor-element elementor-element-12fa85b9 e-con-full e-flex e-con e-parent\" data-id=\"12fa85b9\" data-element_type=\"container\" data-e-type=\"container\">\n\t\t<div class=\"elementor-element elementor-element-67c079d3 e-con-full e-flex e-con e-parent\" data-id=\"67c079d3\" data-element_type=\"container\" data-e-type=\"container\">\n\t\t\t\t<div class=\"elementor-element elementor-element-6f3f1a1f animated-slow elementor-invisible elementor-widget elementor-widget-icon-box\" data-id=\"6f3f1a1f\" data-element_type=\"widget\" data-e-type=\"widget\" data-settings=\"{&quot;_animation&quot;:&quot;fadeIn&quot;,&quot;_animation_delay&quot;:&quot;100&quot;}\" data-widget_type=\"icon-box.default\">\n\t\t\t\t<div class=\"elementor-widget-container\">\n\t\t\t\t\t\t\t<div class=\"elementor-icon-box-wrapper\">\n\n\t\t\t\n\t\t\t\t\t\t<div class=\"elementor-icon-box-content\">\n\n\t\t\t\t\t\t\t\t\t<h4 class=\"elementor-icon-box-title\">\n\t\t\t\t\t\t<span  >\n\t\t\t\t\t\t\tMangelhafte Qualit\u00e4t\t\t\t\t\t\t<\/span>\n\t\t\t\t\t<\/h4>\n\t\t\t\t\n\t\t\t\t\t\t\t\t\t<p class=\"elementor-icon-box-description\">\n\t\t\t\t\t\tDas Endergebnis zeigt die Wertigkeit der Fima. Qualit\u00e4t ist einer der 3 Punkte, worauf wir am meisten wert legen.\t\t\t\t\t<\/p>\n\t\t\t\t\n\t\t\t<\/div>\n\t\t\t\n\t\t<\/div>\n\t\t\t\t\t\t<\/div>\n\t\t\t\t<\/div>\n\t\t\t\t<\/div>\n\t\t<div class=\"elementor-element elementor-element-72d78357 e-con-full e-flex e-con e-parent\" data-id=\"72d78357\" data-element_type=\"container\" data-e-type=\"container\">\n\t\t\t\t<div class=\"elementor-element elementor-element-191163e animated-slow elementor-invisible elementor-widget elementor-widget-icon-box\" data-id=\"191163e\" data-element_type=\"widget\" data-e-type=\"widget\" data-settings=\"{&quot;_animation&quot;:&quot;fadeIn&quot;,&quot;_animation_delay&quot;:&quot;100&quot;}\" data-widget_type=\"icon-box.default\">\n\t\t\t\t<div class=\"elementor-widget-container\">\n\t\t\t\t\t\t\t<div class=\"elementor-icon-box-wrapper\">\n\n\t\t\t\n\t\t\t\t\t\t<div class=\"elementor-icon-box-content\">\n\n\t\t\t\t\t\t\t\t\t<h4 class=\"elementor-icon-box-title\">\n\t\t\t\t\t\t<span  >\n\t\t\t\t\t\t\tStillstand\t\t\t\t\t\t<\/span>\n\t\t\t\t\t<\/h4>\n\t\t\t\t\n\t\t\t\t\t\t\t\t\t<p class=\"elementor-icon-box-description\">\n\t\t\t\t\t\tEine auftretender Beanstandung nehmen wir immer ernst. Wir m\u00f6chten unsere Leistungen immer weiter ausbauen.\t\t\t\t\t<\/p>\n\t\t\t\t\n\t\t\t<\/div>\n\t\t\t\n\t\t<\/div>\n\t\t\t\t\t\t<\/div>\n\t\t\t\t<\/div>\n\t\t\t\t<\/div>\n\t\t<div class=\"elementor-element elementor-element-2bcae044 e-con-full e-flex e-con e-parent\" data-id=\"2bcae044\" data-element_type=\"container\" data-e-type=\"container\">\n\t\t\t\t<div class=\"elementor-element elementor-element-10a3676 animated-slow elementor-invisible elementor-widget elementor-widget-icon-box\" data-id=\"10a3676\" data-element_type=\"widget\" data-e-type=\"widget\" data-settings=\"{&quot;_animation&quot;:&quot;fadeIn&quot;,&quot;_animation_delay&quot;:&quot;100&quot;}\" data-widget_type=\"icon-box.default\">\n\t\t\t\t<div class=\"elementor-widget-container\">\n\t\t\t\t\t\t\t<div class=\"elementor-icon-box-wrapper\">\n\n\t\t\t\n\t\t\t\t\t\t<div class=\"elementor-icon-box-content\">\n\n\t\t\t\t\t\t\t\t\t<h4 class=\"elementor-icon-box-title\">\n\t\t\t\t\t\t<span  >\n\t\t\t\t\t\t\tVergleichbare Leistung\t\t\t\t\t\t<\/span>\n\t\t\t\t\t<\/h4>\n\t\t\t\t\n\t\t\t\t\t\t\t\t\t<p class=\"elementor-icon-box-description\">\n\t\t\t\t\t\tUns ist es wichtig die beste Leistung in der 3D-Druck Branche zu liefern. Von der Beratung bis zum Einsatz des Teils.\t\t\t\t\t<\/p>\n\t\t\t\t\n\t\t\t<\/div>\n\t\t\t\n\t\t<\/div>\n\t\t\t\t\t\t<\/div>\n\t\t\t\t<\/div>\n\t\t\t\t<\/div>\n\t\t<div class=\"elementor-element elementor-element-392d57b8 e-con-full e-flex e-con e-parent\" data-id=\"392d57b8\" data-element_type=\"container\" data-e-type=\"container\">\n\t\t\t\t<div class=\"elementor-element elementor-element-3f3030b animated-slow elementor-invisible elementor-widget elementor-widget-icon-box\" data-id=\"3f3030b\" data-element_type=\"widget\" data-e-type=\"widget\" data-settings=\"{&quot;_animation&quot;:&quot;fadeIn&quot;,&quot;_animation_delay&quot;:&quot;100&quot;}\" data-widget_type=\"icon-box.default\">\n\t\t\t\t<div class=\"elementor-widget-container\">\n\t\t\t\t\t\t\t<div class=\"elementor-icon-box-wrapper\">\n\n\t\t\t\n\t\t\t\t\t\t<div class=\"elementor-icon-box-content\">\n\n\t\t\t\t\t\t\t\t\t<h4 class=\"elementor-icon-box-title\">\n\t\t\t\t\t\t<span  >\n\t\t\t\t\t\t\tBilliganbieter\t\t\t\t\t\t<\/span>\n\t\t\t\t\t<\/h4>\n\t\t\t\t\n\t\t\t\t\t\t\t\t\t<p class=\"elementor-icon-box-description\">\n\t\t\t\t\t\tEs gibt bereits viele 3D-Druck Anbieter auf den Markt. Die meisten konkurrieren hierbei mit den Preis nach unten. Das Resultat sieht man an der erbrachten Leistung. \t\t\t\t\t<\/p>\n\t\t\t\t\n\t\t\t<\/div>\n\t\t\t\n\t\t<\/div>\n\t\t\t\t\t\t<\/div>\n\t\t\t\t<\/div>\n\t\t\t\t<\/div>\n\t\t<div class=\"elementor-element elementor-element-588ca354 e-con-full e-flex e-con e-parent\" data-id=\"588ca354\" data-element_type=\"container\" data-e-type=\"container\">\n\t\t\t\t<div class=\"elementor-element elementor-element-1dcb517 animated-slow elementor-invisible elementor-widget elementor-widget-icon-box\" data-id=\"1dcb517\" data-element_type=\"widget\" data-e-type=\"widget\" data-settings=\"{&quot;_animation&quot;:&quot;fadeIn&quot;,&quot;_animation_delay&quot;:&quot;100&quot;}\" data-widget_type=\"icon-box.default\">\n\t\t\t\t<div class=\"elementor-widget-container\">\n\t\t\t\t\t\t\t<div class=\"elementor-icon-box-wrapper\">\n\n\t\t\t\n\t\t\t\t\t\t<div class=\"elementor-icon-box-content\">\n\n\t\t\t\t\t\t\t\t\t<h4 class=\"elementor-icon-box-title\">\n\t\t\t\t\t\t<span  >\n\t\t\t\t\t\t\t08\/15\t\t\t\t\t\t<\/span>\n\t\t\t\t\t<\/h4>\n\t\t\t\t\n\t\t\t\t\t\t\t\t\t<p class=\"elementor-icon-box-description\">\n\t\t\t\t\t\tWir wissen wie es ist auf eine R\u00fcckmeldung zu warten. Aus diesen Grund bekommt von uns jeder einzelne eine ausgiebige und Beratung.\t\t\t\t\t<\/p>\n\t\t\t\t\n\t\t\t<\/div>\n\t\t\t\n\t\t<\/div>\n\t\t\t\t\t\t<\/div>\n\t\t\t\t<\/div>\n\t\t\t\t<\/div>\n\t\t<div class=\"elementor-element elementor-element-2605aefd e-con-full e-flex e-con e-parent\" data-id=\"2605aefd\" data-element_type=\"container\" data-e-type=\"container\">\n\t\t\t\t<div class=\"elementor-element elementor-element-326bad5 animated-slow elementor-invisible elementor-widget elementor-widget-icon-box\" data-id=\"326bad5\" data-element_type=\"widget\" data-e-type=\"widget\" data-settings=\"{&quot;_animation&quot;:&quot;fadeIn&quot;,&quot;_animation_delay&quot;:&quot;100&quot;}\" data-widget_type=\"icon-box.default\">\n\t\t\t\t<div class=\"elementor-widget-container\">\n\t\t\t\t\t\t\t<div class=\"elementor-icon-box-wrapper\">\n\n\t\t\t\n\t\t\t\t\t\t<div class=\"elementor-icon-box-content\">\n\n\t\t\t\t\t\t\t\t\t<h4 class=\"elementor-icon-box-title\">\n\t\t\t\t\t\t<span  >\n\t\t\t\t\t\t\tDienstleister f\u00fcr alle\t\t\t\t\t\t<\/span>\n\t\t\t\t\t<\/h4>\n\t\t\t\t\n\t\t\t\t\t\t\t\t\t<p class=\"elementor-icon-box-description\">\n\t\t\t\t\t\tNicht f\u00fcr jeden Kunden ist unsere Dienstleistung geeignet. Eine Zusammenarbeit auf Augenh\u00f6he ist uns wichtig.\t\t\t\t\t<\/p>\n\t\t\t\t\n\t\t\t<\/div>\n\t\t\t\n\t\t<\/div>\n\t\t\t\t\t\t<\/div>\n\t\t\t\t<\/div>\n\t\t\t\t<\/div>\n\t\t\t\t<\/div>\n\t\t\t\t<\/div>\n\t\t\t\t<\/div>\n\t\t","protected":false},"excerpt":{"rendered":"<p>Das sind wir NICHT Das sind wir NICHT STRUCFIT ist ein klar aufgestelltes und orientiertes Unternehmen Damit unsere Einzigartigkeit weiterhin in der Branche besteht, sehen Sie hier Werte f\u00fcr denen wir NICHT stehen. Mangelhafte Qualit\u00e4t Das Endergebnis zeigt die Wertigkeit der Fima. Qualit\u00e4t ist einer der 3 Punkte, worauf wir am meisten wert legen. Stillstand [&hellip;]<\/p>\n","protected":false},"author":1,"featured_media":0,"parent":0,"menu_order":0,"comment_status":"closed","ping_status":"closed","template":"elementor_header_footer","meta":{"footnotes":""},"class_list":["post-24008","page","type-page","status-publish","hentry"],"yoast_head":"<!-- This site is optimized with the Yoast SEO Premium plugin v21.0 (Yoast SEO v27.5) - https:\/\/yoast.com\/product\/yoast-seo-premium-wordpress\/ -->\n<title>Das sind wir NICHT &#187; 3D-Druck Service Anbieter Strucfit<\/title>\n<meta name=\"robots\" content=\"index, follow, max-snippet:-1, max-image-preview:large, max-video-preview:-1\" \/>\n<link rel=\"canonical\" href=\"https:\/\/strucfit.com\/en\/das-sind-wir-nicht\/\" \/>\n<meta property=\"og:locale\" content=\"en_GB\" \/>\n<meta property=\"og:type\" content=\"article\" \/>\n<meta property=\"og:title\" content=\"Das sind wir NICHT\" \/>\n<meta property=\"og:description\" content=\"Das sind wir NICHT Das sind wir NICHT STRUCFIT ist ein klar aufgestelltes und orientiertes Unternehmen Damit unsere Einzigartigkeit weiterhin in der Branche besteht, sehen Sie hier Werte f\u00fcr denen wir NICHT stehen. Mangelhafte Qualit\u00e4t Das Endergebnis zeigt die Wertigkeit der Fima. Qualit\u00e4t ist einer der 3 Punkte, worauf wir am meisten wert legen. Stillstand [&hellip;]\" \/>\n<meta property=\"og:url\" content=\"https:\/\/strucfit.com\/en\/das-sind-wir-nicht\/\" \/>\n<meta property=\"og:site_name\" content=\"3D-Druck Service Anbieter Strucfit\" \/>\n<meta property=\"article:publisher\" content=\"https:\/\/m.facebook.com\/Strucfit-103056502355194\/\" \/>\n<meta property=\"article:modified_time\" content=\"2023-05-05T11:31:50+00:00\" \/>\n<meta name=\"twitter:card\" content=\"summary_large_image\" \/>\n<meta name=\"twitter:label1\" content=\"Estimated reading time\" \/>\n\t<meta name=\"twitter:data1\" content=\"1 minute\" \/>\n<script type=\"application\/ld+json\" class=\"yoast-schema-graph\">{\"@context\":\"https:\\\/\\\/schema.org\",\"@graph\":[{\"@type\":[\"Article\",\"BlogPosting\"],\"@id\":\"https:\\\/\\\/strucfit.com\\\/das-sind-wir-nicht\\\/#article\",\"isPartOf\":{\"@id\":\"https:\\\/\\\/strucfit.com\\\/das-sind-wir-nicht\\\/\"},\"author\":{\"name\":\"Strucfit\",\"@id\":\"https:\\\/\\\/strucfit.com\\\/#\\\/schema\\\/person\\\/b2e0cfd183d4441f22ea10b0e6b8e6f9\"},\"headline\":\"Das sind wir NICHT\",\"datePublished\":\"2023-04-23T10:00:45+00:00\",\"dateModified\":\"2023-05-05T11:31:50+00:00\",\"mainEntityOfPage\":{\"@id\":\"https:\\\/\\\/strucfit.com\\\/das-sind-wir-nicht\\\/\"},\"wordCount\":170,\"publisher\":{\"@id\":\"https:\\\/\\\/strucfit.com\\\/#organization\"},\"inLanguage\":\"en-GB\"},{\"@type\":\"WebPage\",\"@id\":\"https:\\\/\\\/strucfit.com\\\/das-sind-wir-nicht\\\/\",\"url\":\"https:\\\/\\\/strucfit.com\\\/das-sind-wir-nicht\\\/\",\"name\":\"Das sind wir NICHT &#187; 3D-Druck Service Anbieter Strucfit\",\"isPartOf\":{\"@id\":\"https:\\\/\\\/strucfit.com\\\/#website\"},\"datePublished\":\"2023-04-23T10:00:45+00:00\",\"dateModified\":\"2023-05-05T11:31:50+00:00\",\"breadcrumb\":{\"@id\":\"https:\\\/\\\/strucfit.com\\\/das-sind-wir-nicht\\\/#breadcrumb\"},\"inLanguage\":\"en-GB\",\"potentialAction\":[{\"@type\":\"ReadAction\",\"target\":[\"https:\\\/\\\/strucfit.com\\\/das-sind-wir-nicht\\\/\"]}]},{\"@type\":\"BreadcrumbList\",\"@id\":\"https:\\\/\\\/strucfit.com\\\/das-sind-wir-nicht\\\/#breadcrumb\",\"itemListElement\":[{\"@type\":\"ListItem\",\"position\":1,\"name\":\"3D-Druck Service\",\"item\":\"https:\\\/\\\/strucfit.com\\\/\"},{\"@type\":\"ListItem\",\"position\":2,\"name\":\"Das sind wir NICHT\"}]},{\"@type\":\"WebSite\",\"@id\":\"https:\\\/\\\/strucfit.com\\\/#website\",\"url\":\"https:\\\/\\\/strucfit.com\\\/\",\"name\":\"3D-Druck Anbieter Strucfit\",\"description\":\"3D-Druck Service Anbieter spezialisiert auf mechanische Bauteile - Strucfit\",\"publisher\":{\"@id\":\"https:\\\/\\\/strucfit.com\\\/#organization\"},\"alternateName\":\"3D-Druck Service Strucfit\",\"potentialAction\":[{\"@type\":\"SearchAction\",\"target\":{\"@type\":\"EntryPoint\",\"urlTemplate\":\"https:\\\/\\\/strucfit.com\\\/?s={search_term_string}\"},\"query-input\":{\"@type\":\"PropertyValueSpecification\",\"valueRequired\":true,\"valueName\":\"search_term_string\"}}],\"inLanguage\":\"en-GB\"},{\"@type\":[\"Organization\",\"Place\"],\"@id\":\"https:\\\/\\\/strucfit.com\\\/#organization\",\"name\":\"Strucfit\",\"alternateName\":\"Strucfit\",\"url\":\"https:\\\/\\\/strucfit.com\\\/\",\"logo\":{\"@id\":\"https:\\\/\\\/strucfit.com\\\/das-sind-wir-nicht\\\/#local-main-organization-logo\"},\"image\":{\"@id\":\"https:\\\/\\\/strucfit.com\\\/das-sind-wir-nicht\\\/#local-main-organization-logo\"},\"sameAs\":[\"https:\\\/\\\/m.facebook.com\\\/Strucfit-103056502355194\\\/\",\"https:\\\/\\\/www.instagram.com\\\/strucfit\\\/\",\"https:\\\/\\\/www.youtube.com\\\/channel\\\/UCPwtRKGBYSnKvDhZNuvM9fw\"],\"address\":{\"@id\":\"https:\\\/\\\/strucfit.com\\\/das-sind-wir-nicht\\\/#local-main-place-address\"},\"telephone\":[\"09944 302169\"],\"openingHoursSpecification\":[{\"@type\":\"OpeningHoursSpecification\",\"dayOfWeek\":[\"Monday\",\"Tuesday\",\"Wednesday\",\"Thursday\"],\"opens\":\"07:30\",\"closes\":\"19:00\"},{\"@type\":\"OpeningHoursSpecification\",\"dayOfWeek\":[\"Friday\"],\"opens\":\"07:00\",\"closes\":\"19:00\"},{\"@type\":\"OpeningHoursSpecification\",\"dayOfWeek\":[\"Saturday\"],\"opens\":\"08:00\",\"closes\":\"12:00\"},{\"@type\":\"OpeningHoursSpecification\",\"dayOfWeek\":[\"Sunday\"],\"opens\":\"00:00\",\"closes\":\"00:00\"}],\"email\":\"info@strucfit.com\"},{\"@type\":\"Person\",\"@id\":\"https:\\\/\\\/strucfit.com\\\/#\\\/schema\\\/person\\\/b2e0cfd183d4441f22ea10b0e6b8e6f9\",\"name\":\"Strucfit\",\"image\":{\"@type\":\"ImageObject\",\"inLanguage\":\"en-GB\",\"@id\":\"https:\\\/\\\/secure.gravatar.com\\\/avatar\\\/b5bacc82a91d71bdcb647fcdfcc8708c2baf7e1d36fde49049ac0a18c775c60c?s=96&d=mm&r=g\",\"url\":\"https:\\\/\\\/secure.gravatar.com\\\/avatar\\\/b5bacc82a91d71bdcb647fcdfcc8708c2baf7e1d36fde49049ac0a18c775c60c?s=96&d=mm&r=g\",\"contentUrl\":\"https:\\\/\\\/secure.gravatar.com\\\/avatar\\\/b5bacc82a91d71bdcb647fcdfcc8708c2baf7e1d36fde49049ac0a18c775c60c?s=96&d=mm&r=g\",\"caption\":\"Strucfit\"},\"sameAs\":[\"http:\\\/\\\/strucfit.com\"],\"url\":\"https:\\\/\\\/strucfit.com\\\/en\\\/blog\\\/author\\\/strucfit\\\/\"},{\"@type\":\"PostalAddress\",\"@id\":\"https:\\\/\\\/strucfit.com\\\/das-sind-wir-nicht\\\/#local-main-place-address\",\"streetAddress\":\"Dorfstra\u00dfe 21\",\"addressLocality\":\"Zandt\",\"postalCode\":\"93499\",\"addressRegion\":\"Bayern\",\"addressCountry\":\"DE\"},{\"@type\":\"ImageObject\",\"inLanguage\":\"en-GB\",\"@id\":\"https:\\\/\\\/strucfit.com\\\/das-sind-wir-nicht\\\/#local-main-organization-logo\",\"url\":\"https:\\\/\\\/strucfit.com\\\/wp-content\\\/uploads\\\/2023\\\/04\\\/Strucfit_Logo_hoch.png\",\"contentUrl\":\"https:\\\/\\\/strucfit.com\\\/wp-content\\\/uploads\\\/2023\\\/04\\\/Strucfit_Logo_hoch.png\",\"width\":3543,\"height\":2889,\"caption\":\"Strucfit\"}]}<\/script>\n<meta name=\"geo.placename\" content=\"Zandt\" \/>\n<meta name=\"geo.region\" content=\"Germany\" \/>\n<!-- \/ Yoast SEO Premium plugin. -->","yoast_head_json":{"title":"Das sind wir NICHT &#187; 3D-Druck Service Anbieter Strucfit","robots":{"index":"index","follow":"follow","max-snippet":"max-snippet:-1","max-image-preview":"max-image-preview:large","max-video-preview":"max-video-preview:-1"},"canonical":"https:\/\/strucfit.com\/en\/das-sind-wir-nicht\/","og_locale":"en_GB","og_type":"article","og_title":"Das sind wir NICHT","og_description":"Das sind wir NICHT Das sind wir NICHT STRUCFIT ist ein klar aufgestelltes und orientiertes Unternehmen Damit unsere Einzigartigkeit weiterhin in der Branche besteht, sehen Sie hier Werte f\u00fcr denen wir NICHT stehen. Mangelhafte Qualit\u00e4t Das Endergebnis zeigt die Wertigkeit der Fima. Qualit\u00e4t ist einer der 3 Punkte, worauf wir am meisten wert legen. Stillstand [&hellip;]","og_url":"https:\/\/strucfit.com\/en\/das-sind-wir-nicht\/","og_site_name":"3D-Druck Service Anbieter Strucfit","article_publisher":"https:\/\/m.facebook.com\/Strucfit-103056502355194\/","article_modified_time":"2023-05-05T11:31:50+00:00","twitter_card":"summary_large_image","twitter_misc":{"Estimated reading time":"1 minute"},"schema":{"@context":"https:\/\/schema.org","@graph":[{"@type":["Article","BlogPosting"],"@id":"https:\/\/strucfit.com\/das-sind-wir-nicht\/#article","isPartOf":{"@id":"https:\/\/strucfit.com\/das-sind-wir-nicht\/"},"author":{"name":"Strucfit","@id":"https:\/\/strucfit.com\/#\/schema\/person\/b2e0cfd183d4441f22ea10b0e6b8e6f9"},"headline":"Das sind wir NICHT","datePublished":"2023-04-23T10:00:45+00:00","dateModified":"2023-05-05T11:31:50+00:00","mainEntityOfPage":{"@id":"https:\/\/strucfit.com\/das-sind-wir-nicht\/"},"wordCount":170,"publisher":{"@id":"https:\/\/strucfit.com\/#organization"},"inLanguage":"en-GB"},{"@type":"WebPage","@id":"https:\/\/strucfit.com\/das-sind-wir-nicht\/","url":"https:\/\/strucfit.com\/das-sind-wir-nicht\/","name":"Das sind wir NICHT &#187; 3D-Druck Service Anbieter Strucfit","isPartOf":{"@id":"https:\/\/strucfit.com\/#website"},"datePublished":"2023-04-23T10:00:45+00:00","dateModified":"2023-05-05T11:31:50+00:00","breadcrumb":{"@id":"https:\/\/strucfit.com\/das-sind-wir-nicht\/#breadcrumb"},"inLanguage":"en-GB","potentialAction":[{"@type":"ReadAction","target":["https:\/\/strucfit.com\/das-sind-wir-nicht\/"]}]},{"@type":"BreadcrumbList","@id":"https:\/\/strucfit.com\/das-sind-wir-nicht\/#breadcrumb","itemListElement":[{"@type":"ListItem","position":1,"name":"3D-Druck Service","item":"https:\/\/strucfit.com\/"},{"@type":"ListItem","position":2,"name":"Das sind wir NICHT"}]},{"@type":"WebSite","@id":"https:\/\/strucfit.com\/#website","url":"https:\/\/strucfit.com\/","name":"3D-Druck Anbieter Strucfit","description":"3D-Druck Service Anbieter spezialisiert auf mechanische Bauteile - Strucfit","publisher":{"@id":"https:\/\/strucfit.com\/#organization"},"alternateName":"3D-Druck Service Strucfit","potentialAction":[{"@type":"SearchAction","target":{"@type":"EntryPoint","urlTemplate":"https:\/\/strucfit.com\/?s={search_term_string}"},"query-input":{"@type":"PropertyValueSpecification","valueRequired":true,"valueName":"search_term_string"}}],"inLanguage":"en-GB"},{"@type":["Organization","Place"],"@id":"https:\/\/strucfit.com\/#organization","name":"Strucfit","alternateName":"Strucfit","url":"https:\/\/strucfit.com\/","logo":{"@id":"https:\/\/strucfit.com\/das-sind-wir-nicht\/#local-main-organization-logo"},"image":{"@id":"https:\/\/strucfit.com\/das-sind-wir-nicht\/#local-main-organization-logo"},"sameAs":["https:\/\/m.facebook.com\/Strucfit-103056502355194\/","https:\/\/www.instagram.com\/strucfit\/","https:\/\/www.youtube.com\/channel\/UCPwtRKGBYSnKvDhZNuvM9fw"],"address":{"@id":"https:\/\/strucfit.com\/das-sind-wir-nicht\/#local-main-place-address"},"telephone":["09944 302169"],"openingHoursSpecification":[{"@type":"OpeningHoursSpecification","dayOfWeek":["Monday","Tuesday","Wednesday","Thursday"],"opens":"07:30","closes":"19:00"},{"@type":"OpeningHoursSpecification","dayOfWeek":["Friday"],"opens":"07:00","closes":"19:00"},{"@type":"OpeningHoursSpecification","dayOfWeek":["Saturday"],"opens":"08:00","closes":"12:00"},{"@type":"OpeningHoursSpecification","dayOfWeek":["Sunday"],"opens":"00:00","closes":"00:00"}],"email":"info@strucfit.com"},{"@type":"Person","@id":"https:\/\/strucfit.com\/#\/schema\/person\/b2e0cfd183d4441f22ea10b0e6b8e6f9","name":"Strucfit","image":{"@type":"ImageObject","inLanguage":"en-GB","@id":"https:\/\/secure.gravatar.com\/avatar\/b5bacc82a91d71bdcb647fcdfcc8708c2baf7e1d36fde49049ac0a18c775c60c?s=96&d=mm&r=g","url":"https:\/\/secure.gravatar.com\/avatar\/b5bacc82a91d71bdcb647fcdfcc8708c2baf7e1d36fde49049ac0a18c775c60c?s=96&d=mm&r=g","contentUrl":"https:\/\/secure.gravatar.com\/avatar\/b5bacc82a91d71bdcb647fcdfcc8708c2baf7e1d36fde49049ac0a18c775c60c?s=96&d=mm&r=g","caption":"Strucfit"},"sameAs":["http:\/\/strucfit.com"],"url":"https:\/\/strucfit.com\/en\/blog\/author\/strucfit\/"},{"@type":"PostalAddress","@id":"https:\/\/strucfit.com\/das-sind-wir-nicht\/#local-main-place-address","streetAddress":"Dorfstra\u00dfe 21","addressLocality":"Zandt","postalCode":"93499","addressRegion":"Bayern","addressCountry":"DE"},{"@type":"ImageObject","inLanguage":"en-GB","@id":"https:\/\/strucfit.com\/das-sind-wir-nicht\/#local-main-organization-logo","url":"https:\/\/strucfit.com\/wp-content\/uploads\/2023\/04\/Strucfit_Logo_hoch.png","contentUrl":"https:\/\/strucfit.com\/wp-content\/uploads\/2023\/04\/Strucfit_Logo_hoch.png","width":3543,"height":2889,"caption":"Strucfit"}]},"geo.placename":"Zandt","geo.region":"Germany"},"jetpack_sharing_enabled":true,"_links":{"self":[{"href":"https:\/\/strucfit.com\/en\/wp-json\/wp\/v2\/pages\/24008","targetHints":{"allow":["GET"]}}],"collection":[{"href":"https:\/\/strucfit.com\/en\/wp-json\/wp\/v2\/pages"}],"about":[{"href":"https:\/\/strucfit.com\/en\/wp-json\/wp\/v2\/types\/page"}],"author":[{"embeddable":true,"href":"https:\/\/strucfit.com\/en\/wp-json\/wp\/v2\/users\/1"}],"replies":[{"embeddable":true,"href":"https:\/\/strucfit.com\/en\/wp-json\/wp\/v2\/comments?post=24008"}],"version-history":[{"count":0,"href":"https:\/\/strucfit.com\/en\/wp-json\/wp\/v2\/pages\/24008\/revisions"}],"wp:attachment":[{"href":"https:\/\/strucfit.com\/en\/wp-json\/wp\/v2\/media?parent=24008"}],"curies":[{"name":"wp","href":"https:\/\/api.w.org\/{rel}","templated":true}]}}