{"id":18577,"date":"2023-01-28T12:24:43","date_gmt":"2023-01-28T11:24:43","guid":{"rendered":"https:\/\/strucfit.com\/?page_id=18577"},"modified":"2023-06-27T12:03:48","modified_gmt":"2023-06-27T10:03:48","slug":"beratung","status":"publish","type":"page","link":"https:\/\/strucfit.com\/en\/know-how-3d-druck\/beratung\/","title":{"rendered":"3D-Druck Beratung Projektumsetzung"},"content":{"rendered":"\t\t<div data-elementor-type=\"wp-page\" data-elementor-id=\"18577\" class=\"elementor elementor-18577\" data-elementor-post-type=\"page\">\n\t\t\t\t<div class=\"elementor-element elementor-element-152e1ffd e-con-full e-flex e-con e-parent\" data-id=\"152e1ffd\" data-element_type=\"container\" data-e-type=\"container\" data-settings=\"{&quot;background_background&quot;:&quot;slideshow&quot;,&quot;background_slideshow_gallery&quot;:[{&quot;id&quot;:20870,&quot;url&quot;:&quot;http:\\\/\\\/strucfit.com\\\/wp-content\\\/uploads\\\/2023\\\/03\\\/Projektumsetzung_Strucfit-scaled.jpg&quot;}],&quot;background_slideshow_loop&quot;:&quot;yes&quot;,&quot;background_slideshow_slide_duration&quot;:5000,&quot;background_slideshow_slide_transition&quot;:&quot;fade&quot;,&quot;background_slideshow_transition_duration&quot;:500}\">\n\t\t<div class=\"elementor-element elementor-element-5c63d278 e-con-full elementor-hidden-tablet elementor-hidden-mobile e-flex e-con e-parent\" data-id=\"5c63d278\" data-element_type=\"container\" data-e-type=\"container\">\n\t\t\t\t<\/div>\n\t\t<div class=\"elementor-element elementor-element-421aa06c e-con-full e-flex e-con e-parent\" data-id=\"421aa06c\" data-element_type=\"container\" data-e-type=\"container\" data-settings=\"{&quot;background_background&quot;:&quot;classic&quot;,&quot;motion_fx_motion_fx_scrolling&quot;:&quot;yes&quot;,&quot;motion_fx_devices&quot;:[&quot;desktop&quot;]}\">\n\t\t\t\t<div class=\"elementor-element elementor-element-43629eff elementor-hidden-tablet elementor-hidden-mobile elementor-widget elementor-widget-heading\" data-id=\"43629eff\" data-element_type=\"widget\" data-e-type=\"widget\" data-widget_type=\"heading.default\">\n\t\t\t\t<div class=\"elementor-widget-container\">\n\t\t\t\t\t<h1 class=\"elementor-heading-title elementor-size-default\">3D-Druck Anwendung<\/h1>\t\t\t\t<\/div>\n\t\t\t\t<\/div>\n\t\t\t\t<div class=\"elementor-element elementor-element-4d7d8f23 elementor-hidden-tablet elementor-hidden-mobile elementor-widget elementor-widget-heading\" data-id=\"4d7d8f23\" data-element_type=\"widget\" data-e-type=\"widget\" data-widget_type=\"heading.default\">\n\t\t\t\t<div class=\"elementor-widget-container\">\n\t\t\t\t\t<h1 class=\"elementor-heading-title elementor-size-default\">Projektumsetzung<\/h1>\t\t\t\t<\/div>\n\t\t\t\t<\/div>\n\t\t\t\t<div class=\"elementor-element elementor-element-15ab0573 elementor-hidden-tablet elementor-hidden-mobile elementor-widget elementor-widget-text-editor\" data-id=\"15ab0573\" data-element_type=\"widget\" data-e-type=\"widget\" data-widget_type=\"text-editor.default\">\n\t\t\t\t<div class=\"elementor-widget-container\">\n\t\t\t\t\t\t\t\t\tSie wissen nicht welches Verfahren das Richtige f\u00fcr Ihr Projekt ist?<br> Nutzen Sie unseren online-Ermittler der Ihnen in wenigen Fragen m\u00f6gliche 3D-Druckverfahren zeigt.\t\t\t\t\t\t\t\t<\/div>\n\t\t\t\t<\/div>\n\t\t<div class=\"elementor-element elementor-element-35ed2e0b e-con-full e-flex e-con e-parent\" data-id=\"35ed2e0b\" data-element_type=\"container\" data-e-type=\"container\">\n\t\t<div class=\"elementor-element elementor-element-5bcc3a3e e-con-full e-flex e-con e-parent\" data-id=\"5bcc3a3e\" data-element_type=\"container\" data-e-type=\"container\">\n\t\t\t\t<div class=\"elementor-element elementor-element-443e603 elementor-hidden-desktop elementor-widget elementor-widget-heading\" data-id=\"443e603\" data-element_type=\"widget\" data-e-type=\"widget\" data-widget_type=\"heading.default\">\n\t\t\t\t<div class=\"elementor-widget-container\">\n\t\t\t\t\t<h1 class=\"elementor-heading-title elementor-size-default\">3D-Druck Anwendung<\/h1>\t\t\t\t<\/div>\n\t\t\t\t<\/div>\n\t\t\t\t<div class=\"elementor-element elementor-element-5c01104 elementor-hidden-desktop elementor-widget elementor-widget-heading\" data-id=\"5c01104\" data-element_type=\"widget\" data-e-type=\"widget\" data-widget_type=\"heading.default\">\n\t\t\t\t<div class=\"elementor-widget-container\">\n\t\t\t\t\t<h1 class=\"elementor-heading-title elementor-size-default\">Projektumsetzung<\/h1>\t\t\t\t<\/div>\n\t\t\t\t<\/div>\n\t\t\t\t<div class=\"elementor-element elementor-element-d01bc96 elementor-hidden-desktop elementor-widget elementor-widget-text-editor\" data-id=\"d01bc96\" data-element_type=\"widget\" data-e-type=\"widget\" data-widget_type=\"text-editor.default\">\n\t\t\t\t<div class=\"elementor-widget-container\">\n\t\t\t\t\t\t\t\t\tSie wissen nicht welches Verfahren das Richtige f\u00fcr Ihr Projekt ist?<br> Nutzen Sie unseren online-Ermittler der Ihnen in wenigen Fragen m\u00f6gliche 3D-Druckverfahren zeigt.\t\t\t\t\t\t\t\t<\/div>\n\t\t\t\t<\/div>\n\t\t\t\t<\/div>\n\t\t\t\t<\/div>\n\t\t\t\t<\/div>\n\t\t\t\t<\/div>\n\t\t<div class=\"elementor-element elementor-element-174acd9a e-flex e-con-boxed e-con e-parent\" data-id=\"174acd9a\" data-element_type=\"container\" data-e-type=\"container\" data-settings=\"{&quot;background_background&quot;:&quot;classic&quot;}\">\n\t\t\t\t\t<div class=\"e-con-inner\">\n\t\t<div class=\"elementor-element elementor-element-a951851 e-con-full e-flex e-con e-parent\" data-id=\"a951851\" data-element_type=\"container\" data-e-type=\"container\">\n\t\t\t\t<div class=\"elementor-element elementor-element-56992845 elementor-widget elementor-widget-heading\" data-id=\"56992845\" data-element_type=\"widget\" data-e-type=\"widget\" data-widget_type=\"heading.default\">\n\t\t\t\t<div class=\"elementor-widget-container\">\n\t\t\t\t\t<h1 class=\"elementor-heading-title elementor-size-default\">dieser Bereich ist gerade nicht sichtbar<\/h1>\t\t\t\t<\/div>\n\t\t\t\t<\/div>\n\t\t\t\t<div class=\"elementor-element elementor-element-62cbc220 elementor-widget elementor-widget-text-editor\" data-id=\"62cbc220\" data-element_type=\"widget\" data-e-type=\"widget\" data-widget_type=\"text-editor.default\">\n\t\t\t\t<div class=\"elementor-widget-container\">\n\t\t\t\t\t\t\t\t\t<p>wir aktualisieren geraden den Inhalt dieser Seite<\/p>\t\t\t\t\t\t\t\t<\/div>\n\t\t\t\t<\/div>\n\t\t\t\t<\/div>\n\t\t<div class=\"elementor-element elementor-element-18aa9654 e-con-full e-flex e-con e-parent\" data-id=\"18aa9654\" data-element_type=\"container\" data-e-type=\"container\">\n\t\t\t\t<div class=\"elementor-element elementor-element-6f71f6d5 elementor-absolute animated-slow e-transform elementor-invisible elementor-widget elementor-widget-image\" data-id=\"6f71f6d5\" data-element_type=\"widget\" data-e-type=\"widget\" data-settings=\"{&quot;_position&quot;:&quot;absolute&quot;,&quot;_animation&quot;:&quot;jello&quot;,&quot;_transform_rotateZ_effect&quot;:{&quot;unit&quot;:&quot;px&quot;,&quot;size&quot;:-35,&quot;sizes&quot;:[]},&quot;_transform_rotateZ_effect_tablet&quot;:{&quot;unit&quot;:&quot;deg&quot;,&quot;size&quot;:&quot;&quot;,&quot;sizes&quot;:[]},&quot;_transform_rotateZ_effect_mobile&quot;:{&quot;unit&quot;:&quot;deg&quot;,&quot;size&quot;:&quot;&quot;,&quot;sizes&quot;:[]}}\" data-widget_type=\"image.default\">\n\t\t\t\t<div class=\"elementor-widget-container\">\n\t\t\t\t\t\t\t\t\t\t\t\t\t\t\t<img decoding=\"async\" src=\"http:\/\/strucfit.com\/wp-content\/uploads\/2023\/01\/2_Travel_Agency-Sticker.svg\" title=\"\" alt=\"\" loading=\"lazy\" \/>\t\t\t\t\t\t\t\t\t\t\t\t\t\t\t<\/div>\n\t\t\t\t<\/div>\n\t\t\t\t<div class=\"elementor-element elementor-element-72c1bdf6 elementor-absolute e-transform elementor-widget elementor-widget-image\" data-id=\"72c1bdf6\" data-element_type=\"widget\" data-e-type=\"widget\" data-settings=\"{&quot;_position&quot;:&quot;absolute&quot;,&quot;_transform_rotateZ_effect&quot;:{&quot;unit&quot;:&quot;px&quot;,&quot;size&quot;:-35,&quot;sizes&quot;:[]},&quot;_transform_rotateZ_effect_tablet&quot;:{&quot;unit&quot;:&quot;deg&quot;,&quot;size&quot;:&quot;&quot;,&quot;sizes&quot;:[]},&quot;_transform_rotateZ_effect_mobile&quot;:{&quot;unit&quot;:&quot;deg&quot;,&quot;size&quot;:&quot;&quot;,&quot;sizes&quot;:[]}}\" data-widget_type=\"image.default\">\n\t\t\t\t<div class=\"elementor-widget-container\">\n\t\t\t\t\t\t\t\t\t\t\t\t\t\t\t<img decoding=\"async\" src=\"http:\/\/strucfit.com\/wp-content\/uploads\/2023\/01\/2_Travel_Agency-Sticker.svg\" title=\"\" alt=\"\" loading=\"lazy\" \/>\t\t\t\t\t\t\t\t\t\t\t\t\t\t\t<\/div>\n\t\t\t\t<\/div>\n\t\t\t\t<div class=\"elementor-element elementor-element-7aa4027f elementor-widget elementor-widget-image\" data-id=\"7aa4027f\" data-element_type=\"widget\" data-e-type=\"widget\" data-widget_type=\"image.default\">\n\t\t\t\t<div class=\"elementor-widget-container\">\n\t\t\t\t\t\t\t\t\t\t\t\t\t\t\t<img decoding=\"async\" src=\"http:\/\/strucfit.com\/wp-content\/uploads\/2023\/02\/Seite_Ueberarbeitung_Strucfit-1-scaled.jpg\" title=\"\" alt=\"\" loading=\"lazy\" \/>\t\t\t\t\t\t\t\t\t\t\t\t\t\t\t<\/div>\n\t\t\t\t<\/div>\n\t\t\t\t<\/div>\n\t\t\t\t\t<\/div>\n\t\t\t\t<\/div>\n\t\t\t\t<\/div>\n\t\t","protected":false},"excerpt":{"rendered":"<p>3D-Druck Anwendung Projektumsetzung Sie wissen nicht welches Verfahren das Richtige f\u00fcr Ihr Projekt ist? Nutzen Sie unseren online-Ermittler der Ihnen in wenigen Fragen m\u00f6gliche 3D-Druckverfahren zeigt. 3D-Druck Anwendung Projektumsetzung Sie wissen nicht welches Verfahren das Richtige f\u00fcr Ihr Projekt ist? Nutzen Sie unseren online-Ermittler der Ihnen in wenigen Fragen m\u00f6gliche 3D-Druckverfahren zeigt. dieser Bereich ist [&hellip;]<\/p>\n","protected":false},"author":1,"featured_media":0,"parent":15309,"menu_order":0,"comment_status":"closed","ping_status":"closed","template":"elementor_header_footer","meta":{"footnotes":""},"class_list":["post-18577","page","type-page","status-publish","hentry"],"yoast_head":"<!-- This site is optimized with the Yoast SEO Premium plugin v21.0 (Yoast SEO v27.3) - https:\/\/yoast.com\/product\/yoast-seo-premium-wordpress\/ -->\n<title>3D-Druck Beratung Projektumsetzung &#187; 3D-Druck Service Anbieter Strucfit<\/title>\n<meta name=\"robots\" content=\"index, follow, max-snippet:-1, max-image-preview:large, max-video-preview:-1\" \/>\n<link rel=\"canonical\" href=\"https:\/\/strucfit.com\/en\/know-how-3d-druck\/beratung\/\" \/>\n<meta property=\"og:locale\" content=\"en_GB\" \/>\n<meta property=\"og:type\" content=\"article\" \/>\n<meta property=\"og:title\" content=\"3D-Druck Beratung Projektumsetzung\" \/>\n<meta property=\"og:description\" content=\"3D-Druck Anwendung Projektumsetzung Sie wissen nicht welches Verfahren das Richtige f\u00fcr Ihr Projekt ist? Nutzen Sie unseren online-Ermittler der Ihnen in wenigen Fragen m\u00f6gliche 3D-Druckverfahren zeigt. 3D-Druck Anwendung Projektumsetzung Sie wissen nicht welches Verfahren das Richtige f\u00fcr Ihr Projekt ist? Nutzen Sie unseren online-Ermittler der Ihnen in wenigen Fragen m\u00f6gliche 3D-Druckverfahren zeigt. dieser Bereich ist [&hellip;]\" \/>\n<meta property=\"og:url\" content=\"https:\/\/strucfit.com\/en\/know-how-3d-druck\/beratung\/\" \/>\n<meta property=\"og:site_name\" content=\"3D-Druck Service Anbieter Strucfit\" \/>\n<meta property=\"article:publisher\" content=\"https:\/\/m.facebook.com\/Strucfit-103056502355194\/\" \/>\n<meta property=\"article:modified_time\" content=\"2023-06-27T10:03:48+00:00\" \/>\n<meta property=\"og:image\" content=\"http:\/\/strucfit.com\/wp-content\/uploads\/2023\/01\/2_Travel_Agency-Sticker.svg\" \/>\n<meta name=\"twitter:card\" content=\"summary_large_image\" \/>\n<meta name=\"twitter:label1\" content=\"Estimated reading time\" \/>\n\t<meta name=\"twitter:data1\" content=\"1 minute\" \/>\n<script type=\"application\/ld+json\" class=\"yoast-schema-graph\">{\"@context\":\"https:\\\/\\\/schema.org\",\"@graph\":[{\"@type\":[\"Article\",\"BlogPosting\"],\"@id\":\"https:\\\/\\\/strucfit.com\\\/know-how-3d-druck\\\/beratung\\\/#article\",\"isPartOf\":{\"@id\":\"https:\\\/\\\/strucfit.com\\\/know-how-3d-druck\\\/beratung\\\/\"},\"author\":{\"name\":\"Strucfit\",\"@id\":\"https:\\\/\\\/strucfit.com\\\/#\\\/schema\\\/person\\\/b2e0cfd183d4441f22ea10b0e6b8e6f9\"},\"headline\":\"3D-Druck Beratung Projektumsetzung\",\"datePublished\":\"2023-01-28T11:24:43+00:00\",\"dateModified\":\"2023-06-27T10:03:48+00:00\",\"mainEntityOfPage\":{\"@id\":\"https:\\\/\\\/strucfit.com\\\/know-how-3d-druck\\\/beratung\\\/\"},\"wordCount\":72,\"publisher\":{\"@id\":\"https:\\\/\\\/strucfit.com\\\/#organization\"},\"image\":{\"@id\":\"https:\\\/\\\/strucfit.com\\\/know-how-3d-druck\\\/beratung\\\/#primaryimage\"},\"thumbnailUrl\":\"http:\\\/\\\/strucfit.com\\\/wp-content\\\/uploads\\\/2023\\\/01\\\/2_Travel_Agency-Sticker.svg\",\"inLanguage\":\"en-GB\"},{\"@type\":\"WebPage\",\"@id\":\"https:\\\/\\\/strucfit.com\\\/know-how-3d-druck\\\/beratung\\\/\",\"url\":\"https:\\\/\\\/strucfit.com\\\/know-how-3d-druck\\\/beratung\\\/\",\"name\":\"3D-Druck Beratung Projektumsetzung &#187; 3D-Druck Service Anbieter Strucfit\",\"isPartOf\":{\"@id\":\"https:\\\/\\\/strucfit.com\\\/#website\"},\"primaryImageOfPage\":{\"@id\":\"https:\\\/\\\/strucfit.com\\\/know-how-3d-druck\\\/beratung\\\/#primaryimage\"},\"image\":{\"@id\":\"https:\\\/\\\/strucfit.com\\\/know-how-3d-druck\\\/beratung\\\/#primaryimage\"},\"thumbnailUrl\":\"http:\\\/\\\/strucfit.com\\\/wp-content\\\/uploads\\\/2023\\\/01\\\/2_Travel_Agency-Sticker.svg\",\"datePublished\":\"2023-01-28T11:24:43+00:00\",\"dateModified\":\"2023-06-27T10:03:48+00:00\",\"breadcrumb\":{\"@id\":\"https:\\\/\\\/strucfit.com\\\/know-how-3d-druck\\\/beratung\\\/#breadcrumb\"},\"inLanguage\":\"en-GB\",\"potentialAction\":[{\"@type\":\"ReadAction\",\"target\":[\"https:\\\/\\\/strucfit.com\\\/know-how-3d-druck\\\/beratung\\\/\"]}]},{\"@type\":\"ImageObject\",\"inLanguage\":\"en-GB\",\"@id\":\"https:\\\/\\\/strucfit.com\\\/know-how-3d-druck\\\/beratung\\\/#primaryimage\",\"url\":\"http:\\\/\\\/strucfit.com\\\/wp-content\\\/uploads\\\/2023\\\/01\\\/2_Travel_Agency-Sticker.svg\",\"contentUrl\":\"http:\\\/\\\/strucfit.com\\\/wp-content\\\/uploads\\\/2023\\\/01\\\/2_Travel_Agency-Sticker.svg\"},{\"@type\":\"BreadcrumbList\",\"@id\":\"https:\\\/\\\/strucfit.com\\\/know-how-3d-druck\\\/beratung\\\/#breadcrumb\",\"itemListElement\":[{\"@type\":\"ListItem\",\"position\":1,\"name\":\"3D-Druck Service\",\"item\":\"https:\\\/\\\/strucfit.com\\\/\"},{\"@type\":\"ListItem\",\"position\":2,\"name\":\"Know-how 3D-Druck\",\"item\":\"https:\\\/\\\/strucfit.com\\\/know-how-3d-druck\\\/\"},{\"@type\":\"ListItem\",\"position\":3,\"name\":\"3D-Druck Beratung Projektumsetzung\"}]},{\"@type\":\"WebSite\",\"@id\":\"https:\\\/\\\/strucfit.com\\\/#website\",\"url\":\"https:\\\/\\\/strucfit.com\\\/\",\"name\":\"3D-Druck Anbieter Strucfit\",\"description\":\"3D-Druck Service Anbieter spezialisiert auf mechanische Bauteile - Strucfit\",\"publisher\":{\"@id\":\"https:\\\/\\\/strucfit.com\\\/#organization\"},\"alternateName\":\"3D-Druck Service Strucfit\",\"potentialAction\":[{\"@type\":\"SearchAction\",\"target\":{\"@type\":\"EntryPoint\",\"urlTemplate\":\"https:\\\/\\\/strucfit.com\\\/?s={search_term_string}\"},\"query-input\":{\"@type\":\"PropertyValueSpecification\",\"valueRequired\":true,\"valueName\":\"search_term_string\"}}],\"inLanguage\":\"en-GB\"},{\"@type\":[\"Organization\",\"Place\"],\"@id\":\"https:\\\/\\\/strucfit.com\\\/#organization\",\"name\":\"Strucfit\",\"alternateName\":\"Strucfit\",\"url\":\"https:\\\/\\\/strucfit.com\\\/\",\"logo\":{\"@id\":\"https:\\\/\\\/strucfit.com\\\/know-how-3d-druck\\\/beratung\\\/#local-main-organization-logo\"},\"image\":{\"@id\":\"https:\\\/\\\/strucfit.com\\\/know-how-3d-druck\\\/beratung\\\/#local-main-organization-logo\"},\"sameAs\":[\"https:\\\/\\\/m.facebook.com\\\/Strucfit-103056502355194\\\/\",\"https:\\\/\\\/www.instagram.com\\\/strucfit\\\/\",\"https:\\\/\\\/www.youtube.com\\\/channel\\\/UCPwtRKGBYSnKvDhZNuvM9fw\"],\"address\":{\"@id\":\"https:\\\/\\\/strucfit.com\\\/know-how-3d-druck\\\/beratung\\\/#local-main-place-address\"},\"telephone\":[\"09944 302169\"],\"openingHoursSpecification\":[{\"@type\":\"OpeningHoursSpecification\",\"dayOfWeek\":[\"Monday\",\"Tuesday\",\"Wednesday\",\"Thursday\"],\"opens\":\"07:30\",\"closes\":\"19:00\"},{\"@type\":\"OpeningHoursSpecification\",\"dayOfWeek\":[\"Friday\"],\"opens\":\"07:00\",\"closes\":\"19:00\"},{\"@type\":\"OpeningHoursSpecification\",\"dayOfWeek\":[\"Saturday\"],\"opens\":\"08:00\",\"closes\":\"12:00\"},{\"@type\":\"OpeningHoursSpecification\",\"dayOfWeek\":[\"Sunday\"],\"opens\":\"00:00\",\"closes\":\"00:00\"}],\"email\":\"info@strucfit.com\"},{\"@type\":\"Person\",\"@id\":\"https:\\\/\\\/strucfit.com\\\/#\\\/schema\\\/person\\\/b2e0cfd183d4441f22ea10b0e6b8e6f9\",\"name\":\"Strucfit\",\"image\":{\"@type\":\"ImageObject\",\"inLanguage\":\"en-GB\",\"@id\":\"https:\\\/\\\/secure.gravatar.com\\\/avatar\\\/b5bacc82a91d71bdcb647fcdfcc8708c2baf7e1d36fde49049ac0a18c775c60c?s=96&d=mm&r=g\",\"url\":\"https:\\\/\\\/secure.gravatar.com\\\/avatar\\\/b5bacc82a91d71bdcb647fcdfcc8708c2baf7e1d36fde49049ac0a18c775c60c?s=96&d=mm&r=g\",\"contentUrl\":\"https:\\\/\\\/secure.gravatar.com\\\/avatar\\\/b5bacc82a91d71bdcb647fcdfcc8708c2baf7e1d36fde49049ac0a18c775c60c?s=96&d=mm&r=g\",\"caption\":\"Strucfit\"},\"sameAs\":[\"http:\\\/\\\/strucfit.com\"],\"url\":\"https:\\\/\\\/strucfit.com\\\/en\\\/blog\\\/author\\\/strucfit\\\/\"},{\"@type\":\"PostalAddress\",\"@id\":\"https:\\\/\\\/strucfit.com\\\/know-how-3d-druck\\\/beratung\\\/#local-main-place-address\",\"streetAddress\":\"Dorfstra\u00dfe 21\",\"addressLocality\":\"Zandt\",\"postalCode\":\"93499\",\"addressRegion\":\"Bayern\",\"addressCountry\":\"DE\"},{\"@type\":\"ImageObject\",\"inLanguage\":\"en-GB\",\"@id\":\"https:\\\/\\\/strucfit.com\\\/know-how-3d-druck\\\/beratung\\\/#local-main-organization-logo\",\"url\":\"https:\\\/\\\/strucfit.com\\\/wp-content\\\/uploads\\\/2023\\\/04\\\/Strucfit_Logo_hoch.png\",\"contentUrl\":\"https:\\\/\\\/strucfit.com\\\/wp-content\\\/uploads\\\/2023\\\/04\\\/Strucfit_Logo_hoch.png\",\"width\":3543,\"height\":2889,\"caption\":\"Strucfit\"}]}<\/script>\n<meta name=\"geo.placename\" content=\"Zandt\" \/>\n<meta name=\"geo.region\" content=\"Germany\" \/>\n<!-- \/ Yoast SEO Premium plugin. -->","yoast_head_json":{"title":"3D-Druck Beratung Projektumsetzung &#187; 3D-Druck Service Anbieter Strucfit","robots":{"index":"index","follow":"follow","max-snippet":"max-snippet:-1","max-image-preview":"max-image-preview:large","max-video-preview":"max-video-preview:-1"},"canonical":"https:\/\/strucfit.com\/en\/know-how-3d-druck\/beratung\/","og_locale":"en_GB","og_type":"article","og_title":"3D-Druck Beratung Projektumsetzung","og_description":"3D-Druck Anwendung Projektumsetzung Sie wissen nicht welches Verfahren das Richtige f\u00fcr Ihr Projekt ist? Nutzen Sie unseren online-Ermittler der Ihnen in wenigen Fragen m\u00f6gliche 3D-Druckverfahren zeigt. 3D-Druck Anwendung Projektumsetzung Sie wissen nicht welches Verfahren das Richtige f\u00fcr Ihr Projekt ist? Nutzen Sie unseren online-Ermittler der Ihnen in wenigen Fragen m\u00f6gliche 3D-Druckverfahren zeigt. dieser Bereich ist [&hellip;]","og_url":"https:\/\/strucfit.com\/en\/know-how-3d-druck\/beratung\/","og_site_name":"3D-Druck Service Anbieter Strucfit","article_publisher":"https:\/\/m.facebook.com\/Strucfit-103056502355194\/","article_modified_time":"2023-06-27T10:03:48+00:00","og_image":[{"url":"http:\/\/strucfit.com\/wp-content\/uploads\/2023\/01\/2_Travel_Agency-Sticker.svg","type":"","width":"","height":""}],"twitter_card":"summary_large_image","twitter_misc":{"Estimated reading time":"1 minute"},"schema":{"@context":"https:\/\/schema.org","@graph":[{"@type":["Article","BlogPosting"],"@id":"https:\/\/strucfit.com\/know-how-3d-druck\/beratung\/#article","isPartOf":{"@id":"https:\/\/strucfit.com\/know-how-3d-druck\/beratung\/"},"author":{"name":"Strucfit","@id":"https:\/\/strucfit.com\/#\/schema\/person\/b2e0cfd183d4441f22ea10b0e6b8e6f9"},"headline":"3D-Druck Beratung Projektumsetzung","datePublished":"2023-01-28T11:24:43+00:00","dateModified":"2023-06-27T10:03:48+00:00","mainEntityOfPage":{"@id":"https:\/\/strucfit.com\/know-how-3d-druck\/beratung\/"},"wordCount":72,"publisher":{"@id":"https:\/\/strucfit.com\/#organization"},"image":{"@id":"https:\/\/strucfit.com\/know-how-3d-druck\/beratung\/#primaryimage"},"thumbnailUrl":"http:\/\/strucfit.com\/wp-content\/uploads\/2023\/01\/2_Travel_Agency-Sticker.svg","inLanguage":"en-GB"},{"@type":"WebPage","@id":"https:\/\/strucfit.com\/know-how-3d-druck\/beratung\/","url":"https:\/\/strucfit.com\/know-how-3d-druck\/beratung\/","name":"3D-Druck Beratung Projektumsetzung &#187; 3D-Druck Service Anbieter Strucfit","isPartOf":{"@id":"https:\/\/strucfit.com\/#website"},"primaryImageOfPage":{"@id":"https:\/\/strucfit.com\/know-how-3d-druck\/beratung\/#primaryimage"},"image":{"@id":"https:\/\/strucfit.com\/know-how-3d-druck\/beratung\/#primaryimage"},"thumbnailUrl":"http:\/\/strucfit.com\/wp-content\/uploads\/2023\/01\/2_Travel_Agency-Sticker.svg","datePublished":"2023-01-28T11:24:43+00:00","dateModified":"2023-06-27T10:03:48+00:00","breadcrumb":{"@id":"https:\/\/strucfit.com\/know-how-3d-druck\/beratung\/#breadcrumb"},"inLanguage":"en-GB","potentialAction":[{"@type":"ReadAction","target":["https:\/\/strucfit.com\/know-how-3d-druck\/beratung\/"]}]},{"@type":"ImageObject","inLanguage":"en-GB","@id":"https:\/\/strucfit.com\/know-how-3d-druck\/beratung\/#primaryimage","url":"http:\/\/strucfit.com\/wp-content\/uploads\/2023\/01\/2_Travel_Agency-Sticker.svg","contentUrl":"http:\/\/strucfit.com\/wp-content\/uploads\/2023\/01\/2_Travel_Agency-Sticker.svg"},{"@type":"BreadcrumbList","@id":"https:\/\/strucfit.com\/know-how-3d-druck\/beratung\/#breadcrumb","itemListElement":[{"@type":"ListItem","position":1,"name":"3D-Druck Service","item":"https:\/\/strucfit.com\/"},{"@type":"ListItem","position":2,"name":"Know-how 3D-Druck","item":"https:\/\/strucfit.com\/know-how-3d-druck\/"},{"@type":"ListItem","position":3,"name":"3D-Druck Beratung Projektumsetzung"}]},{"@type":"WebSite","@id":"https:\/\/strucfit.com\/#website","url":"https:\/\/strucfit.com\/","name":"3D-Druck Anbieter Strucfit","description":"3D-Druck Service Anbieter spezialisiert auf mechanische Bauteile - Strucfit","publisher":{"@id":"https:\/\/strucfit.com\/#organization"},"alternateName":"3D-Druck Service Strucfit","potentialAction":[{"@type":"SearchAction","target":{"@type":"EntryPoint","urlTemplate":"https:\/\/strucfit.com\/?s={search_term_string}"},"query-input":{"@type":"PropertyValueSpecification","valueRequired":true,"valueName":"search_term_string"}}],"inLanguage":"en-GB"},{"@type":["Organization","Place"],"@id":"https:\/\/strucfit.com\/#organization","name":"Strucfit","alternateName":"Strucfit","url":"https:\/\/strucfit.com\/","logo":{"@id":"https:\/\/strucfit.com\/know-how-3d-druck\/beratung\/#local-main-organization-logo"},"image":{"@id":"https:\/\/strucfit.com\/know-how-3d-druck\/beratung\/#local-main-organization-logo"},"sameAs":["https:\/\/m.facebook.com\/Strucfit-103056502355194\/","https:\/\/www.instagram.com\/strucfit\/","https:\/\/www.youtube.com\/channel\/UCPwtRKGBYSnKvDhZNuvM9fw"],"address":{"@id":"https:\/\/strucfit.com\/know-how-3d-druck\/beratung\/#local-main-place-address"},"telephone":["09944 302169"],"openingHoursSpecification":[{"@type":"OpeningHoursSpecification","dayOfWeek":["Monday","Tuesday","Wednesday","Thursday"],"opens":"07:30","closes":"19:00"},{"@type":"OpeningHoursSpecification","dayOfWeek":["Friday"],"opens":"07:00","closes":"19:00"},{"@type":"OpeningHoursSpecification","dayOfWeek":["Saturday"],"opens":"08:00","closes":"12:00"},{"@type":"OpeningHoursSpecification","dayOfWeek":["Sunday"],"opens":"00:00","closes":"00:00"}],"email":"info@strucfit.com"},{"@type":"Person","@id":"https:\/\/strucfit.com\/#\/schema\/person\/b2e0cfd183d4441f22ea10b0e6b8e6f9","name":"Strucfit","image":{"@type":"ImageObject","inLanguage":"en-GB","@id":"https:\/\/secure.gravatar.com\/avatar\/b5bacc82a91d71bdcb647fcdfcc8708c2baf7e1d36fde49049ac0a18c775c60c?s=96&d=mm&r=g","url":"https:\/\/secure.gravatar.com\/avatar\/b5bacc82a91d71bdcb647fcdfcc8708c2baf7e1d36fde49049ac0a18c775c60c?s=96&d=mm&r=g","contentUrl":"https:\/\/secure.gravatar.com\/avatar\/b5bacc82a91d71bdcb647fcdfcc8708c2baf7e1d36fde49049ac0a18c775c60c?s=96&d=mm&r=g","caption":"Strucfit"},"sameAs":["http:\/\/strucfit.com"],"url":"https:\/\/strucfit.com\/en\/blog\/author\/strucfit\/"},{"@type":"PostalAddress","@id":"https:\/\/strucfit.com\/know-how-3d-druck\/beratung\/#local-main-place-address","streetAddress":"Dorfstra\u00dfe 21","addressLocality":"Zandt","postalCode":"93499","addressRegion":"Bayern","addressCountry":"DE"},{"@type":"ImageObject","inLanguage":"en-GB","@id":"https:\/\/strucfit.com\/know-how-3d-druck\/beratung\/#local-main-organization-logo","url":"https:\/\/strucfit.com\/wp-content\/uploads\/2023\/04\/Strucfit_Logo_hoch.png","contentUrl":"https:\/\/strucfit.com\/wp-content\/uploads\/2023\/04\/Strucfit_Logo_hoch.png","width":3543,"height":2889,"caption":"Strucfit"}]},"geo.placename":"Zandt","geo.region":"Germany"},"jetpack_sharing_enabled":true,"_links":{"self":[{"href":"https:\/\/strucfit.com\/en\/wp-json\/wp\/v2\/pages\/18577","targetHints":{"allow":["GET"]}}],"collection":[{"href":"https:\/\/strucfit.com\/en\/wp-json\/wp\/v2\/pages"}],"about":[{"href":"https:\/\/strucfit.com\/en\/wp-json\/wp\/v2\/types\/page"}],"author":[{"embeddable":true,"href":"https:\/\/strucfit.com\/en\/wp-json\/wp\/v2\/users\/1"}],"replies":[{"embeddable":true,"href":"https:\/\/strucfit.com\/en\/wp-json\/wp\/v2\/comments?post=18577"}],"version-history":[{"count":0,"href":"https:\/\/strucfit.com\/en\/wp-json\/wp\/v2\/pages\/18577\/revisions"}],"up":[{"embeddable":true,"href":"https:\/\/strucfit.com\/en\/wp-json\/wp\/v2\/pages\/15309"}],"wp:attachment":[{"href":"https:\/\/strucfit.com\/en\/wp-json\/wp\/v2\/media?parent=18577"}],"curies":[{"name":"wp","href":"https:\/\/api.w.org\/{rel}","templated":true}]}}