{"id":15375,"date":"2023-01-09T23:05:40","date_gmt":"2023-01-09T22:05:40","guid":{"rendered":"https:\/\/strucfit.com\/?page_id=15375"},"modified":"2023-04-09T20:32:41","modified_gmt":"2023-04-09T18:32:41","slug":"unsere-leidenschaft","status":"publish","type":"page","link":"https:\/\/strucfit.com\/en\/unsere-leidenschaft\/","title":{"rendered":"Unsere Leidenschaft"},"content":{"rendered":"\t\t<div data-elementor-type=\"wp-page\" data-elementor-id=\"15375\" class=\"elementor elementor-15375\" data-elementor-post-type=\"page\">\n\t\t\t\t<div class=\"elementor-element elementor-element-769cba9 e-con-full e-flex e-con e-parent\" data-id=\"769cba9\" data-element_type=\"container\" data-e-type=\"container\" data-settings=\"{&quot;background_background&quot;:&quot;slideshow&quot;,&quot;background_slideshow_gallery&quot;:[{&quot;id&quot;:20524,&quot;url&quot;:&quot;http:\\\/\\\/strucfit.com\\\/wp-content\\\/uploads\\\/2023\\\/03\\\/FDM_Strucfit-scaled.jpg&quot;}],&quot;background_slideshow_loop&quot;:&quot;yes&quot;,&quot;background_slideshow_slide_duration&quot;:5000,&quot;background_slideshow_slide_transition&quot;:&quot;fade&quot;,&quot;background_slideshow_transition_duration&quot;:500}\">\n\t\t<div class=\"elementor-element elementor-element-1f63f039 e-con-full elementor-hidden-tablet elementor-hidden-mobile e-flex e-con e-parent\" data-id=\"1f63f039\" data-element_type=\"container\" data-e-type=\"container\">\n\t\t\t\t<\/div>\n\t\t<div class=\"elementor-element elementor-element-1ef320c3 e-con-full e-flex e-con e-parent\" data-id=\"1ef320c3\" data-element_type=\"container\" data-e-type=\"container\" data-settings=\"{&quot;background_background&quot;:&quot;classic&quot;,&quot;motion_fx_motion_fx_scrolling&quot;:&quot;yes&quot;,&quot;motion_fx_devices&quot;:[&quot;desktop&quot;]}\">\n\t\t\t\t<div class=\"elementor-element elementor-element-247a4eee elementor-hidden-tablet elementor-hidden-mobile elementor-widget elementor-widget-heading\" data-id=\"247a4eee\" data-element_type=\"widget\" data-e-type=\"widget\" data-widget_type=\"heading.default\">\n\t\t\t\t<div class=\"elementor-widget-container\">\n\t\t\t\t\t<h1 class=\"elementor-heading-title elementor-size-default\">STRUCFIT - 3D-Druck Dienstleister<\/h1>\t\t\t\t<\/div>\n\t\t\t\t<\/div>\n\t\t\t\t<div class=\"elementor-element elementor-element-394b9f11 elementor-hidden-tablet elementor-hidden-mobile elementor-widget elementor-widget-heading\" data-id=\"394b9f11\" data-element_type=\"widget\" data-e-type=\"widget\" data-widget_type=\"heading.default\">\n\t\t\t\t<div class=\"elementor-widget-container\">\n\t\t\t\t\t<h1 class=\"elementor-heading-title elementor-size-default\">Unsere Leidenschaft<\/h1>\t\t\t\t<\/div>\n\t\t\t\t<\/div>\n\t\t\t\t<div class=\"elementor-element elementor-element-67d96dfe elementor-hidden-tablet elementor-hidden-mobile elementor-widget elementor-widget-text-editor\" data-id=\"67d96dfe\" data-element_type=\"widget\" data-e-type=\"widget\" data-widget_type=\"text-editor.default\">\n\t\t\t\t<div class=\"elementor-widget-container\">\n\t\t\t\t\t\t\t\t\t<p>&#8222;STRUCFIT ist bekannt f\u00fcr die liebe zum Detail und der Spezialisierung auf mechanische Teile.&#8220;<\/p>\t\t\t\t\t\t\t\t<\/div>\n\t\t\t\t<\/div>\n\t\t<div class=\"elementor-element elementor-element-2c8c49ba e-con-full e-flex e-con e-parent\" data-id=\"2c8c49ba\" data-element_type=\"container\" data-e-type=\"container\">\n\t\t<div class=\"elementor-element elementor-element-53a540b1 e-con-full e-flex e-con e-parent\" data-id=\"53a540b1\" data-element_type=\"container\" data-e-type=\"container\">\n\t\t\t\t<div class=\"elementor-element elementor-element-7483532 elementor-hidden-desktop elementor-widget elementor-widget-heading\" data-id=\"7483532\" data-element_type=\"widget\" data-e-type=\"widget\" data-widget_type=\"heading.default\">\n\t\t\t\t<div class=\"elementor-widget-container\">\n\t\t\t\t\t<h1 class=\"elementor-heading-title elementor-size-default\">STRUCFIT - 3D-Druck Dienstleister<\/h1>\t\t\t\t<\/div>\n\t\t\t\t<\/div>\n\t\t\t\t<div class=\"elementor-element elementor-element-06422d6 elementor-hidden-desktop elementor-widget elementor-widget-heading\" data-id=\"06422d6\" data-element_type=\"widget\" data-e-type=\"widget\" data-widget_type=\"heading.default\">\n\t\t\t\t<div class=\"elementor-widget-container\">\n\t\t\t\t\t<h1 class=\"elementor-heading-title elementor-size-default\">Unsere Leidenschaft<\/h1>\t\t\t\t<\/div>\n\t\t\t\t<\/div>\n\t\t\t\t<div class=\"elementor-element elementor-element-b087edb elementor-hidden-desktop elementor-widget elementor-widget-text-editor\" data-id=\"b087edb\" data-element_type=\"widget\" data-e-type=\"widget\" data-widget_type=\"text-editor.default\">\n\t\t\t\t<div class=\"elementor-widget-container\">\n\t\t\t\t\t\t\t\t\t<p>&#8222;STRUCFIT ist bekannt f\u00fcr die liebe zum Detail und der Spezialisierung auf mechanische Teile.&#8220;<\/p>\t\t\t\t\t\t\t\t<\/div>\n\t\t\t\t<\/div>\n\t\t\t\t<\/div>\n\t\t\t\t<\/div>\n\t\t\t\t<\/div>\n\t\t\t\t<\/div>\n\t\t<div class=\"elementor-element elementor-element-5e9bc2ae e-flex e-con-boxed e-con e-parent\" data-id=\"5e9bc2ae\" data-element_type=\"container\" data-e-type=\"container\" data-settings=\"{&quot;background_background&quot;:&quot;classic&quot;}\">\n\t\t\t\t\t<div class=\"e-con-inner\">\n\t\t<div class=\"elementor-element elementor-element-52821141 e-con-full e-flex e-con e-parent\" data-id=\"52821141\" data-element_type=\"container\" data-e-type=\"container\">\n\t\t\t\t<div class=\"elementor-element elementor-element-4cb514ba animated-slow elementor-invisible elementor-widget elementor-widget-heading\" data-id=\"4cb514ba\" data-element_type=\"widget\" data-e-type=\"widget\" data-settings=\"{&quot;_animation&quot;:&quot;slideInUp&quot;}\" data-widget_type=\"heading.default\">\n\t\t\t\t<div class=\"elementor-widget-container\">\n\t\t\t\t\t<h2 class=\"elementor-heading-title elementor-size-default\">F\u00fcr uns ist die additive Fertigung nicht nur ein Fertigungsverfahren<\/h2>\t\t\t\t<\/div>\n\t\t\t\t<\/div>\n\t\t\t\t<div class=\"elementor-element elementor-element-5fb19db elementor-widget elementor-widget-text-editor\" data-id=\"5fb19db\" data-element_type=\"widget\" data-e-type=\"widget\" data-widget_type=\"text-editor.default\">\n\t\t\t\t<div class=\"elementor-widget-container\">\n\t\t\t\t\t\t\t\t\t<p>Wir lieben es einzigartige Teile mit dem 3D-Drucker zu fertigen. Als 3D-Druck Experte spezialisiert auf mechanische Bauteile helfen wir anderen Unternehmen dabei durch unsere Dienstleistung den Kosten- und Zeitaufwand zu verringern.<\/p><p>Als Experte f\u00fcr mechanische Bauteile haben wir den Markt der additiven Fertigung in der Branche 3D-Druck neu kreiert.<br \/>Sie profitieren von unseren Expertenwissen, was uns von den anderen Anbietern abhebt und einzigartig macht.<\/p><p>Durch den zahlreichen Zusammenarbeiten mit den verschiedensten Branchen bringen wir die n\u00f6tige Erfahrung mit in Ihr Projekt. Dadurch erhalten Sie die beste Unterst\u00fctzung die hierf\u00fcr ben\u00f6tigt wird.<\/p>\t\t\t\t\t\t\t\t<\/div>\n\t\t\t\t<\/div>\n\t\t\t\t<\/div>\n\t\t\t\t\t<\/div>\n\t\t\t\t<\/div>\n\t\t\t\t<\/div>\n\t\t","protected":false},"excerpt":{"rendered":"<p>STRUCFIT &#8211; 3D-Druck Dienstleister Unsere Leidenschaft &#8222;STRUCFIT ist bekannt f\u00fcr die liebe zum Detail und der Spezialisierung auf mechanische Teile.&#8220; STRUCFIT &#8211; 3D-Druck Dienstleister Unsere Leidenschaft &#8222;STRUCFIT ist bekannt f\u00fcr die liebe zum Detail und der Spezialisierung auf mechanische Teile.&#8220; F\u00fcr uns ist die additive Fertigung nicht nur ein Fertigungsverfahren Wir lieben es einzigartige Teile [&hellip;]<\/p>\n","protected":false},"author":1,"featured_media":0,"parent":0,"menu_order":0,"comment_status":"closed","ping_status":"closed","template":"elementor_header_footer","meta":{"footnotes":""},"class_list":["post-15375","page","type-page","status-publish","hentry"],"yoast_head":"<!-- This site is optimized with the Yoast SEO Premium plugin v21.0 (Yoast SEO v27.3) - https:\/\/yoast.com\/product\/yoast-seo-premium-wordpress\/ -->\n<title>Unsere Leidenschaft &#187; 3D-Druck Service Anbieter Strucfit<\/title>\n<meta name=\"robots\" content=\"index, follow, max-snippet:-1, max-image-preview:large, max-video-preview:-1\" \/>\n<link rel=\"canonical\" href=\"https:\/\/strucfit.com\/en\/unsere-leidenschaft\/\" \/>\n<meta property=\"og:locale\" content=\"en_GB\" \/>\n<meta property=\"og:type\" content=\"article\" \/>\n<meta property=\"og:title\" content=\"Unsere Leidenschaft\" \/>\n<meta property=\"og:description\" content=\"STRUCFIT &#8211; 3D-Druck Dienstleister Unsere Leidenschaft &#8222;STRUCFIT ist bekannt f\u00fcr die liebe zum Detail und der Spezialisierung auf mechanische Teile.&#8220; STRUCFIT &#8211; 3D-Druck Dienstleister Unsere Leidenschaft &#8222;STRUCFIT ist bekannt f\u00fcr die liebe zum Detail und der Spezialisierung auf mechanische Teile.&#8220; F\u00fcr uns ist die additive Fertigung nicht nur ein Fertigungsverfahren Wir lieben es einzigartige Teile [&hellip;]\" \/>\n<meta property=\"og:url\" content=\"https:\/\/strucfit.com\/en\/unsere-leidenschaft\/\" \/>\n<meta property=\"og:site_name\" content=\"3D-Druck Service Anbieter Strucfit\" \/>\n<meta property=\"article:publisher\" content=\"https:\/\/m.facebook.com\/Strucfit-103056502355194\/\" \/>\n<meta property=\"article:modified_time\" content=\"2023-04-09T18:32:41+00:00\" \/>\n<meta name=\"twitter:card\" content=\"summary_large_image\" \/>\n<meta name=\"twitter:label1\" content=\"Estimated reading time\" \/>\n\t<meta name=\"twitter:data1\" content=\"1 minute\" \/>\n<script type=\"application\/ld+json\" class=\"yoast-schema-graph\">{\"@context\":\"https:\\\/\\\/schema.org\",\"@graph\":[{\"@type\":[\"Article\",\"BlogPosting\"],\"@id\":\"https:\\\/\\\/strucfit.com\\\/unsere-leidenschaft\\\/#article\",\"isPartOf\":{\"@id\":\"https:\\\/\\\/strucfit.com\\\/unsere-leidenschaft\\\/\"},\"author\":{\"name\":\"Strucfit\",\"@id\":\"https:\\\/\\\/strucfit.com\\\/#\\\/schema\\\/person\\\/b2e0cfd183d4441f22ea10b0e6b8e6f9\"},\"headline\":\"Unsere Leidenschaft\",\"datePublished\":\"2023-01-09T22:05:40+00:00\",\"dateModified\":\"2023-04-09T18:32:41+00:00\",\"mainEntityOfPage\":{\"@id\":\"https:\\\/\\\/strucfit.com\\\/unsere-leidenschaft\\\/\"},\"wordCount\":151,\"publisher\":{\"@id\":\"https:\\\/\\\/strucfit.com\\\/#organization\"},\"inLanguage\":\"en-GB\"},{\"@type\":\"WebPage\",\"@id\":\"https:\\\/\\\/strucfit.com\\\/unsere-leidenschaft\\\/\",\"url\":\"https:\\\/\\\/strucfit.com\\\/unsere-leidenschaft\\\/\",\"name\":\"Unsere Leidenschaft &#187; 3D-Druck Service Anbieter Strucfit\",\"isPartOf\":{\"@id\":\"https:\\\/\\\/strucfit.com\\\/#website\"},\"datePublished\":\"2023-01-09T22:05:40+00:00\",\"dateModified\":\"2023-04-09T18:32:41+00:00\",\"breadcrumb\":{\"@id\":\"https:\\\/\\\/strucfit.com\\\/unsere-leidenschaft\\\/#breadcrumb\"},\"inLanguage\":\"en-GB\",\"potentialAction\":[{\"@type\":\"ReadAction\",\"target\":[\"https:\\\/\\\/strucfit.com\\\/unsere-leidenschaft\\\/\"]}]},{\"@type\":\"BreadcrumbList\",\"@id\":\"https:\\\/\\\/strucfit.com\\\/unsere-leidenschaft\\\/#breadcrumb\",\"itemListElement\":[{\"@type\":\"ListItem\",\"position\":1,\"name\":\"3D-Druck Service\",\"item\":\"https:\\\/\\\/strucfit.com\\\/\"},{\"@type\":\"ListItem\",\"position\":2,\"name\":\"Unsere Leidenschaft\"}]},{\"@type\":\"WebSite\",\"@id\":\"https:\\\/\\\/strucfit.com\\\/#website\",\"url\":\"https:\\\/\\\/strucfit.com\\\/\",\"name\":\"3D-Druck Anbieter Strucfit\",\"description\":\"3D-Druck Service Anbieter spezialisiert auf mechanische Bauteile - Strucfit\",\"publisher\":{\"@id\":\"https:\\\/\\\/strucfit.com\\\/#organization\"},\"alternateName\":\"3D-Druck Service Strucfit\",\"potentialAction\":[{\"@type\":\"SearchAction\",\"target\":{\"@type\":\"EntryPoint\",\"urlTemplate\":\"https:\\\/\\\/strucfit.com\\\/?s={search_term_string}\"},\"query-input\":{\"@type\":\"PropertyValueSpecification\",\"valueRequired\":true,\"valueName\":\"search_term_string\"}}],\"inLanguage\":\"en-GB\"},{\"@type\":[\"Organization\",\"Place\"],\"@id\":\"https:\\\/\\\/strucfit.com\\\/#organization\",\"name\":\"Strucfit\",\"alternateName\":\"Strucfit\",\"url\":\"https:\\\/\\\/strucfit.com\\\/\",\"logo\":{\"@id\":\"https:\\\/\\\/strucfit.com\\\/unsere-leidenschaft\\\/#local-main-organization-logo\"},\"image\":{\"@id\":\"https:\\\/\\\/strucfit.com\\\/unsere-leidenschaft\\\/#local-main-organization-logo\"},\"sameAs\":[\"https:\\\/\\\/m.facebook.com\\\/Strucfit-103056502355194\\\/\",\"https:\\\/\\\/www.instagram.com\\\/strucfit\\\/\",\"https:\\\/\\\/www.youtube.com\\\/channel\\\/UCPwtRKGBYSnKvDhZNuvM9fw\"],\"address\":{\"@id\":\"https:\\\/\\\/strucfit.com\\\/unsere-leidenschaft\\\/#local-main-place-address\"},\"telephone\":[\"09944 302169\"],\"openingHoursSpecification\":[{\"@type\":\"OpeningHoursSpecification\",\"dayOfWeek\":[\"Monday\",\"Tuesday\",\"Wednesday\",\"Thursday\"],\"opens\":\"07:30\",\"closes\":\"19:00\"},{\"@type\":\"OpeningHoursSpecification\",\"dayOfWeek\":[\"Friday\"],\"opens\":\"07:00\",\"closes\":\"19:00\"},{\"@type\":\"OpeningHoursSpecification\",\"dayOfWeek\":[\"Saturday\"],\"opens\":\"08:00\",\"closes\":\"12:00\"},{\"@type\":\"OpeningHoursSpecification\",\"dayOfWeek\":[\"Sunday\"],\"opens\":\"00:00\",\"closes\":\"00:00\"}],\"email\":\"info@strucfit.com\"},{\"@type\":\"Person\",\"@id\":\"https:\\\/\\\/strucfit.com\\\/#\\\/schema\\\/person\\\/b2e0cfd183d4441f22ea10b0e6b8e6f9\",\"name\":\"Strucfit\",\"image\":{\"@type\":\"ImageObject\",\"inLanguage\":\"en-GB\",\"@id\":\"https:\\\/\\\/secure.gravatar.com\\\/avatar\\\/b5bacc82a91d71bdcb647fcdfcc8708c2baf7e1d36fde49049ac0a18c775c60c?s=96&d=mm&r=g\",\"url\":\"https:\\\/\\\/secure.gravatar.com\\\/avatar\\\/b5bacc82a91d71bdcb647fcdfcc8708c2baf7e1d36fde49049ac0a18c775c60c?s=96&d=mm&r=g\",\"contentUrl\":\"https:\\\/\\\/secure.gravatar.com\\\/avatar\\\/b5bacc82a91d71bdcb647fcdfcc8708c2baf7e1d36fde49049ac0a18c775c60c?s=96&d=mm&r=g\",\"caption\":\"Strucfit\"},\"sameAs\":[\"http:\\\/\\\/strucfit.com\"],\"url\":\"https:\\\/\\\/strucfit.com\\\/en\\\/blog\\\/author\\\/strucfit\\\/\"},{\"@type\":\"PostalAddress\",\"@id\":\"https:\\\/\\\/strucfit.com\\\/unsere-leidenschaft\\\/#local-main-place-address\",\"streetAddress\":\"Dorfstra\u00dfe 21\",\"addressLocality\":\"Zandt\",\"postalCode\":\"93499\",\"addressRegion\":\"Bayern\",\"addressCountry\":\"DE\"},{\"@type\":\"ImageObject\",\"inLanguage\":\"en-GB\",\"@id\":\"https:\\\/\\\/strucfit.com\\\/unsere-leidenschaft\\\/#local-main-organization-logo\",\"url\":\"https:\\\/\\\/strucfit.com\\\/wp-content\\\/uploads\\\/2023\\\/04\\\/Strucfit_Logo_hoch.png\",\"contentUrl\":\"https:\\\/\\\/strucfit.com\\\/wp-content\\\/uploads\\\/2023\\\/04\\\/Strucfit_Logo_hoch.png\",\"width\":3543,\"height\":2889,\"caption\":\"Strucfit\"}]}<\/script>\n<meta name=\"geo.placename\" content=\"Zandt\" \/>\n<meta name=\"geo.region\" content=\"Germany\" \/>\n<!-- \/ Yoast SEO Premium plugin. -->","yoast_head_json":{"title":"Unsere Leidenschaft &#187; 3D-Druck Service Anbieter Strucfit","robots":{"index":"index","follow":"follow","max-snippet":"max-snippet:-1","max-image-preview":"max-image-preview:large","max-video-preview":"max-video-preview:-1"},"canonical":"https:\/\/strucfit.com\/en\/unsere-leidenschaft\/","og_locale":"en_GB","og_type":"article","og_title":"Unsere Leidenschaft","og_description":"STRUCFIT &#8211; 3D-Druck Dienstleister Unsere Leidenschaft &#8222;STRUCFIT ist bekannt f\u00fcr die liebe zum Detail und der Spezialisierung auf mechanische Teile.&#8220; STRUCFIT &#8211; 3D-Druck Dienstleister Unsere Leidenschaft &#8222;STRUCFIT ist bekannt f\u00fcr die liebe zum Detail und der Spezialisierung auf mechanische Teile.&#8220; F\u00fcr uns ist die additive Fertigung nicht nur ein Fertigungsverfahren Wir lieben es einzigartige Teile [&hellip;]","og_url":"https:\/\/strucfit.com\/en\/unsere-leidenschaft\/","og_site_name":"3D-Druck Service Anbieter Strucfit","article_publisher":"https:\/\/m.facebook.com\/Strucfit-103056502355194\/","article_modified_time":"2023-04-09T18:32:41+00:00","twitter_card":"summary_large_image","twitter_misc":{"Estimated reading time":"1 minute"},"schema":{"@context":"https:\/\/schema.org","@graph":[{"@type":["Article","BlogPosting"],"@id":"https:\/\/strucfit.com\/unsere-leidenschaft\/#article","isPartOf":{"@id":"https:\/\/strucfit.com\/unsere-leidenschaft\/"},"author":{"name":"Strucfit","@id":"https:\/\/strucfit.com\/#\/schema\/person\/b2e0cfd183d4441f22ea10b0e6b8e6f9"},"headline":"Unsere Leidenschaft","datePublished":"2023-01-09T22:05:40+00:00","dateModified":"2023-04-09T18:32:41+00:00","mainEntityOfPage":{"@id":"https:\/\/strucfit.com\/unsere-leidenschaft\/"},"wordCount":151,"publisher":{"@id":"https:\/\/strucfit.com\/#organization"},"inLanguage":"en-GB"},{"@type":"WebPage","@id":"https:\/\/strucfit.com\/unsere-leidenschaft\/","url":"https:\/\/strucfit.com\/unsere-leidenschaft\/","name":"Unsere Leidenschaft &#187; 3D-Druck Service Anbieter Strucfit","isPartOf":{"@id":"https:\/\/strucfit.com\/#website"},"datePublished":"2023-01-09T22:05:40+00:00","dateModified":"2023-04-09T18:32:41+00:00","breadcrumb":{"@id":"https:\/\/strucfit.com\/unsere-leidenschaft\/#breadcrumb"},"inLanguage":"en-GB","potentialAction":[{"@type":"ReadAction","target":["https:\/\/strucfit.com\/unsere-leidenschaft\/"]}]},{"@type":"BreadcrumbList","@id":"https:\/\/strucfit.com\/unsere-leidenschaft\/#breadcrumb","itemListElement":[{"@type":"ListItem","position":1,"name":"3D-Druck Service","item":"https:\/\/strucfit.com\/"},{"@type":"ListItem","position":2,"name":"Unsere Leidenschaft"}]},{"@type":"WebSite","@id":"https:\/\/strucfit.com\/#website","url":"https:\/\/strucfit.com\/","name":"3D-Druck Anbieter Strucfit","description":"3D-Druck Service Anbieter spezialisiert auf mechanische Bauteile - Strucfit","publisher":{"@id":"https:\/\/strucfit.com\/#organization"},"alternateName":"3D-Druck Service Strucfit","potentialAction":[{"@type":"SearchAction","target":{"@type":"EntryPoint","urlTemplate":"https:\/\/strucfit.com\/?s={search_term_string}"},"query-input":{"@type":"PropertyValueSpecification","valueRequired":true,"valueName":"search_term_string"}}],"inLanguage":"en-GB"},{"@type":["Organization","Place"],"@id":"https:\/\/strucfit.com\/#organization","name":"Strucfit","alternateName":"Strucfit","url":"https:\/\/strucfit.com\/","logo":{"@id":"https:\/\/strucfit.com\/unsere-leidenschaft\/#local-main-organization-logo"},"image":{"@id":"https:\/\/strucfit.com\/unsere-leidenschaft\/#local-main-organization-logo"},"sameAs":["https:\/\/m.facebook.com\/Strucfit-103056502355194\/","https:\/\/www.instagram.com\/strucfit\/","https:\/\/www.youtube.com\/channel\/UCPwtRKGBYSnKvDhZNuvM9fw"],"address":{"@id":"https:\/\/strucfit.com\/unsere-leidenschaft\/#local-main-place-address"},"telephone":["09944 302169"],"openingHoursSpecification":[{"@type":"OpeningHoursSpecification","dayOfWeek":["Monday","Tuesday","Wednesday","Thursday"],"opens":"07:30","closes":"19:00"},{"@type":"OpeningHoursSpecification","dayOfWeek":["Friday"],"opens":"07:00","closes":"19:00"},{"@type":"OpeningHoursSpecification","dayOfWeek":["Saturday"],"opens":"08:00","closes":"12:00"},{"@type":"OpeningHoursSpecification","dayOfWeek":["Sunday"],"opens":"00:00","closes":"00:00"}],"email":"info@strucfit.com"},{"@type":"Person","@id":"https:\/\/strucfit.com\/#\/schema\/person\/b2e0cfd183d4441f22ea10b0e6b8e6f9","name":"Strucfit","image":{"@type":"ImageObject","inLanguage":"en-GB","@id":"https:\/\/secure.gravatar.com\/avatar\/b5bacc82a91d71bdcb647fcdfcc8708c2baf7e1d36fde49049ac0a18c775c60c?s=96&d=mm&r=g","url":"https:\/\/secure.gravatar.com\/avatar\/b5bacc82a91d71bdcb647fcdfcc8708c2baf7e1d36fde49049ac0a18c775c60c?s=96&d=mm&r=g","contentUrl":"https:\/\/secure.gravatar.com\/avatar\/b5bacc82a91d71bdcb647fcdfcc8708c2baf7e1d36fde49049ac0a18c775c60c?s=96&d=mm&r=g","caption":"Strucfit"},"sameAs":["http:\/\/strucfit.com"],"url":"https:\/\/strucfit.com\/en\/blog\/author\/strucfit\/"},{"@type":"PostalAddress","@id":"https:\/\/strucfit.com\/unsere-leidenschaft\/#local-main-place-address","streetAddress":"Dorfstra\u00dfe 21","addressLocality":"Zandt","postalCode":"93499","addressRegion":"Bayern","addressCountry":"DE"},{"@type":"ImageObject","inLanguage":"en-GB","@id":"https:\/\/strucfit.com\/unsere-leidenschaft\/#local-main-organization-logo","url":"https:\/\/strucfit.com\/wp-content\/uploads\/2023\/04\/Strucfit_Logo_hoch.png","contentUrl":"https:\/\/strucfit.com\/wp-content\/uploads\/2023\/04\/Strucfit_Logo_hoch.png","width":3543,"height":2889,"caption":"Strucfit"}]},"geo.placename":"Zandt","geo.region":"Germany"},"jetpack_sharing_enabled":true,"_links":{"self":[{"href":"https:\/\/strucfit.com\/en\/wp-json\/wp\/v2\/pages\/15375","targetHints":{"allow":["GET"]}}],"collection":[{"href":"https:\/\/strucfit.com\/en\/wp-json\/wp\/v2\/pages"}],"about":[{"href":"https:\/\/strucfit.com\/en\/wp-json\/wp\/v2\/types\/page"}],"author":[{"embeddable":true,"href":"https:\/\/strucfit.com\/en\/wp-json\/wp\/v2\/users\/1"}],"replies":[{"embeddable":true,"href":"https:\/\/strucfit.com\/en\/wp-json\/wp\/v2\/comments?post=15375"}],"version-history":[{"count":0,"href":"https:\/\/strucfit.com\/en\/wp-json\/wp\/v2\/pages\/15375\/revisions"}],"wp:attachment":[{"href":"https:\/\/strucfit.com\/en\/wp-json\/wp\/v2\/media?parent=15375"}],"curies":[{"name":"wp","href":"https:\/\/api.w.org\/{rel}","templated":true}]}}